{"id":7,"date":"2020-10-11T01:47:58","date_gmt":"2020-10-11T01:47:58","guid":{"rendered":"http:\/\/lhis.uber.space\/?page_id=7"},"modified":"2023-12-10T20:50:49","modified_gmt":"2023-12-10T20:50:49","slug":"about","status":"publish","type":"page","link":"https:\/\/strassengegenleerstand.de\/?page_id=7","title":{"rendered":"Was wir wollen und fordern"},"content":{"rendered":"\t\t<div data-elementor-type=\"wp-page\" data-elementor-id=\"7\" class=\"elementor elementor-7\" data-elementor-settings=\"[]\">\n\t\t\t\t\t\t<div class=\"elementor-inner\">\n\t\t\t\t\t\t\t<div class=\"elementor-section-wrap\">\n\t\t\t\t\t\t\t<section class=\"elementor-section elementor-top-section elementor-element elementor-element-20a7792 elementor-section-boxed elementor-section-height-default elementor-section-height-default\" data-id=\"20a7792\" data-element_type=\"section\" data-settings=\"{&quot;ekit_has_onepagescroll_dot&quot;:&quot;yes&quot;}\">\n\t\t\t\t\t\t<div class=\"elementor-container elementor-column-gap-default\">\n\t\t\t\t\t\t\t<div class=\"elementor-row\">\n\t\t\t\t\t<div class=\"elementor-column elementor-col-100 elementor-top-column elementor-element elementor-element-64078202\" data-id=\"64078202\" data-element_type=\"column\">\n\t\t\t<div class=\"elementor-column-wrap elementor-element-populated\">\n\t\t\t\t\t\t\t<div class=\"elementor-widget-wrap\">\n\t\t\t\t\t\t<div class=\"elementor-element elementor-element-4baa27b6 elementor-widget elementor-widget-text-editor\" data-id=\"4baa27b6\" data-element_type=\"widget\" data-widget_type=\"text-editor.default\">\n\t\t\t\t<div class=\"elementor-widget-container\">\n\t\t\t\t\t<div class=\"elementor-text-editor elementor-clearfix\"><p><!-- wp:paragraph --><\/p>\n<p>Wir \u2013 das sind obdach- und wohnungslosen Menschen, Gefl\u00fcchtete und Menschen mit Migrationsgeschichte, Mitarbeiter*innen in Sozialvereinen und mietenpolitisch Engagierte- haben Leerstand satt. Deswegen haben wir heute, am Samstag den 18. Dezember 2021 viele der lange leerstehenden Wohnungen in der Habersaathstra\u00dfe erneut bezogen. Dadurch haben wir Wohnraum geschaffen, f\u00fcr Menschen, die ihn gerade dringend brauchen!<br \/><br \/>Bereits vor einem Jahr wurden mehrere Wohnungen in der Habersaathstra\u00dfe 46 von wohnungs- und obdachlosen Menschen bezogen. Nach mehreren Stunden r\u00e4umte die Polizei \u00a0die Menschen wieder brutal auf die Stra\u00dfe, bevor die Beschlagnahmung durch den Bezirk ausreichend gepr\u00fcft werden konnte. Seitdem ist nicht viel passiert. Der damalige Eigent\u00fcmer Andreas Pichotta bot an einige der leerstehenden Wohnungen als K\u00e4ltehilfe einem Tr\u00e4ger zur Verf\u00fcgung zu stellen. Es gab Gespr\u00e4che zwischen dem Eigent\u00fcmer und einem Tr\u00e4ger. Das Angebot verringerte sich immer weiter, von 40 blieben zehn Wohnungen \u00fcbrig, am Ende gab es gar keine Wohnungen.<br \/><br \/>Jahrelang wurde es vers\u00e4umt ausreichenden, bezahlbaren Wohnraum zu schaffen. Entmietungen und Zwangsr\u00e4umungen von Rot-RotGr\u00fcn unterst\u00fctzt \u00a0laufen ungehindert weiter. Immer weniger Menschen haben die Chance auf dem Wohnungsmarkt eine Wohnung zu finden und immer mehr Menschen haben gar keine eigene Wohnung. Sch\u00e4tzungsweise m\u00fcssen in Berlin bis zu 10 000 Menschen auf der Stra\u00dfe leben, demgegen\u00fcber stehen lediglich bis zu 1050 Pl\u00e4tzen in Notunterk\u00fcnften. Alle zus\u00e4tzlichen Unterbringungen, die w\u00e4hrend der ersten Corona-Phase geschaffen wurden, wurden wieder abgeschafft. Wer ein Dach \u00fcber dem Kopf sucht, findet oftmals nichtmal in \u00fcberf\u00fcllten K\u00e4ltehilfen einen Platz.<br \/><br \/>Der Senat hat sich zwar auf die Fahne geschrieben, Obdachlosigkeit bis 2030 abzuschaffen. Wie das funktionieren soll bleibt offen. Denn der Leerstand bleibt weiterhin unangetastet. \u00a0Nur wenn Wohnraum nicht mehr spekulativ als Ware gehandelt und Leerstand genutzt wird, kann bezahlbarer Wohnraum f\u00fcr alle entstehen. Hier in der Habersaathstra\u00dfe standen bis heute viele gute, bezugsfertige Wohnungen leer.<br \/><br \/><span style=\"white-space: nowrap;\">Und\u00a0wir\u00a0machen\u00a0einen\u00a0Anfang!<\/span><br \/><br \/>Den Leerstand in der Habersaathstra\u00dfe haben wir heute beendet. Dabei freuen wir uns auf eine gute Nachbarschaft mit den Mieterinnen und Mietern, die sich seit Jahren gegen die weitere Entmietung des Hauses und ihre Verdr\u00e4ngung zur Wehr gesetzt haben. Ohne sie g\u00e4be es hier schon l\u00e4ngst keinen Wohnraum mehr, sondern Luxusapartments und ein weiteres Hotel \u2013 was wirklich kein Mensch braucht.<br \/><br \/>Das Haus soll ein offener Ort f\u00fcr all die Menschen ohne festes Zuhause sein. Alle k\u00f6nnen sich mit Ideen und Vorschl\u00e4gen einbringen. Wir wollen selbstverwaltet entscheiden wie wir gemeinsam leben.<br \/><br \/>Wir fordern, dass keine R\u00e4umung vorgenommen wird und die sofortige Beschlagnahmung der Habersaathstra\u00dfe 40-48! Der Wohnraum soll Menschen zur Verf\u00fcgung gestellt werden, die ihn brauchen und ihn sich deshalb angeeignet haben!<br \/><br \/>Niemand soll auf der Stra\u00dfe leben m\u00fcssen. F\u00fcr spekulativen Wohnungsleerstand gibt es keine Rechtfertigung! Das Menschenrecht auf Wohnen gilt f\u00fcr alle Menschen!<\/p>\n<p><!-- \/wp:paragraph --><\/p>\n<div>\u00a0<\/div><\/div>\n\t\t\t\t<\/div>\n\t\t\t\t<\/div>\n\t\t\t\t\t\t<\/div>\n\t\t\t\t\t<\/div>\n\t\t<\/div>\n\t\t\t\t\t\t\t\t<\/div>\n\t\t\t\t\t<\/div>\n\t\t<\/section>\n\t\t\t\t<section class=\"elementor-section elementor-top-section elementor-element elementor-element-a5ca837 elementor-section-boxed elementor-section-height-default elementor-section-height-default\" data-id=\"a5ca837\" data-element_type=\"section\" data-settings=\"{&quot;ekit_has_onepagescroll_dot&quot;:&quot;yes&quot;}\">\n\t\t\t\t\t\t<div class=\"elementor-container elementor-column-gap-default\">\n\t\t\t\t\t\t\t<div class=\"elementor-row\">\n\t\t\t\t\t<div class=\"elementor-column elementor-col-100 elementor-top-column elementor-element elementor-element-dc36e27\" data-id=\"dc36e27\" data-element_type=\"column\">\n\t\t\t<div class=\"elementor-column-wrap elementor-element-populated\">\n\t\t\t\t\t\t\t<div class=\"elementor-widget-wrap\">\n\t\t\t\t\t\t<div class=\"elementor-element elementor-element-d503ef8 elementor-widget elementor-widget-text-editor\" data-id=\"d503ef8\" data-element_type=\"widget\" data-widget_type=\"text-editor.default\">\n\t\t\t\t<div class=\"elementor-widget-container\">\n\t\t\t\t\t<div class=\"elementor-text-editor elementor-clearfix\"><h3>Vorschl\u00e4ge f\u00fcr die neue Nutzung:<br \/><br \/><\/h3>\n<p>Wir freuen uns auf eine gute Nachbarschaft mit den Mieterinnen und Mietern des Hauses in der Habersaathstra\u00dfe. Sie haben sich gegen ihre Entmietung den Abriss des Hauses gewehrt. Menschen ohne Wohnung ziehen in ein Haus mit zu wenig Menschen. Wir freuen uns endlich ein dauerhaft sicheres Zuhause zu bekommen, mit regul\u00e4ren Mietvertr\u00e4ge f\u00fcr alle Bewohner*innen. Aber auch Menschen, die (noch) kein festes Zuhause haben, sollen das Haus nutzen k\u00f6nnen.<\/p>\n<p>In der Vorbereitung haben wir uns viele Gedanken zu unserem zuk\u00fcnftigen Zusammenleben gemacht. Besonders wichtig ist uns dabei:<\/p>\n<p>\u00a0<\/p>\n<p>\u2022 Wir w\u00fcnschen uns, dass alle an dem Projekt Habersaathstra\u00dfe beteiligten Menschen auf Augenh\u00f6he miteinander kommunizieren und an der Gestaltung des Zusammenlebens mitwirken k\u00f6nnen.<br \/><br \/>\u2022 Wir stellen uns ein Plenum vor, an dem alle Bewohner*innen teilnehmen k\u00f6nnen und gemeinsam Regeln f\u00fcr das Zusammenleben finden. Auch \u00fcber die schwierige Frage, wer hier wohnen kann, wollen wir gemeinsam entscheiden. Wichtig ist uns ein wertsch\u00e4tzender Umgang untereinander.<br \/><br \/>\u2022 Konkret stellen wir uns einen lebendigen Ort vor, mit einem eigenen Bereich f\u00fcr Frauen*, einem Raum f\u00fcr Menschen mit Fluchterfahrung, einen Waschsaal und Duschm\u00f6glichkeiten vor.<br \/><br \/>\u2022 Auch sollte es Gemeinschaftsfl\u00e4chen zum gemeinsamen Kochen oder f\u00fcr kulturelle Veranstaltungen geben.<br \/><br \/>\u2022 Beratung- oder Sozialarbeit sollen bei Bedarf angeboten werden k\u00f6nnen.<br \/><br \/>\u2022 Damit unser neues Zuhause langfristig funktionieren kann, \u00fcberlegen wir einen eigenen Hausverein zu gr\u00fcnden.<br \/><br \/>\u2022 Das Recht auf Wohnen darf nicht an Bedingungen, wie sozialarbeiterischer Betreuung gekn\u00fcpft werden.<br \/><br \/>Wir\u00a0sind\u00a0gespannt\u00a0und\u00a0freuen\u00a0uns\u00a0auf\u00a0das\u00a0Zusammenleben.<\/p><\/div>\n\t\t\t\t<\/div>\n\t\t\t\t<\/div>\n\t\t\t\t\t\t<\/div>\n\t\t\t\t\t<\/div>\n\t\t<\/div>\n\t\t\t\t\t\t\t\t<\/div>\n\t\t\t\t\t<\/div>\n\t\t<\/section>\n\t\t\t\t<section class=\"elementor-section elementor-top-section elementor-element elementor-element-2e3dad4 elementor-section-boxed elementor-section-height-default elementor-section-height-default\" data-id=\"2e3dad4\" data-element_type=\"section\" data-settings=\"{&quot;ekit_has_onepagescroll_dot&quot;:&quot;yes&quot;}\">\n\t\t\t\t\t\t<div class=\"elementor-container elementor-column-gap-default\">\n\t\t\t\t\t\t\t<div class=\"elementor-row\">\n\t\t\t\t\t<div class=\"elementor-column elementor-col-100 elementor-top-column elementor-element elementor-element-71275d8\" data-id=\"71275d8\" data-element_type=\"column\">\n\t\t\t<div class=\"elementor-column-wrap elementor-element-populated\">\n\t\t\t\t\t\t\t<div class=\"elementor-widget-wrap\">\n\t\t\t\t\t\t<div class=\"elementor-element elementor-element-7c95fd7 gallery-spacing-custom elementor-invisible elementor-widget elementor-widget-image-gallery\" data-id=\"7c95fd7\" data-element_type=\"widget\" data-settings=\"{&quot;_animation&quot;:&quot;none&quot;}\" data-widget_type=\"image-gallery.default\">\n\t\t\t\t<div class=\"elementor-widget-container\">\n\t\t\t\t\t<div class=\"elementor-image-gallery\">\n\t\t\t<div id='gallery-1' class='gallery galleryid-7 gallery-columns-4 gallery-size-thumbnail'><figure class='gallery-item'>\n\t\t\t<div class='gallery-icon portrait'>\n\t\t\t\t<a data-elementor-open-lightbox=\"yes\" data-elementor-lightbox-slideshow=\"7c95fd7\" href='https:\/\/strassengegenleerstand.de\/wp-content\/uploads\/2020\/10\/P1300930-scaled.jpg'><img width=\"150\" height=\"150\" src=\"https:\/\/strassengegenleerstand.de\/wp-content\/uploads\/2020\/10\/P1300930-150x150.jpg\" class=\"attachment-thumbnail size-thumbnail\" alt=\"\" loading=\"lazy\" sizes=\"100vw\" \/><\/a>\n\t\t\t<\/div><\/figure><figure class='gallery-item'>\n\t\t\t<div class='gallery-icon portrait'>\n\t\t\t\t<a data-elementor-open-lightbox=\"yes\" data-elementor-lightbox-slideshow=\"7c95fd7\" href='https:\/\/strassengegenleerstand.de\/wp-content\/uploads\/2020\/10\/P1300928-scaled.jpg'><img width=\"150\" height=\"150\" src=\"https:\/\/strassengegenleerstand.de\/wp-content\/uploads\/2020\/10\/P1300928-150x150.jpg\" class=\"attachment-thumbnail size-thumbnail\" alt=\"\" loading=\"lazy\" sizes=\"100vw\" \/><\/a>\n\t\t\t<\/div><\/figure><figure class='gallery-item'>\n\t\t\t<div class='gallery-icon portrait'>\n\t\t\t\t<a data-elementor-open-lightbox=\"yes\" data-elementor-lightbox-slideshow=\"7c95fd7\" href='https:\/\/strassengegenleerstand.de\/wp-content\/uploads\/2020\/10\/P1300924-scaled.jpg'><img width=\"150\" height=\"150\" src=\"https:\/\/strassengegenleerstand.de\/wp-content\/uploads\/2020\/10\/P1300924-150x150.jpg\" class=\"attachment-thumbnail size-thumbnail\" alt=\"\" loading=\"lazy\" sizes=\"100vw\" \/><\/a>\n\t\t\t<\/div><\/figure><figure class='gallery-item'>\n\t\t\t<div class='gallery-icon portrait'>\n\t\t\t\t<a data-elementor-open-lightbox=\"yes\" data-elementor-lightbox-slideshow=\"7c95fd7\" href='https:\/\/strassengegenleerstand.de\/wp-content\/uploads\/2020\/10\/P1300922-scaled.jpg'><img width=\"150\" height=\"150\" src=\"https:\/\/strassengegenleerstand.de\/wp-content\/uploads\/2020\/10\/P1300922-150x150.jpg\" class=\"attachment-thumbnail size-thumbnail\" alt=\"\" loading=\"lazy\" sizes=\"100vw\" \/><\/a>\n\t\t\t<\/div><\/figure><figure class='gallery-item'>\n\t\t\t<div class='gallery-icon landscape'>\n\t\t\t\t<a data-elementor-open-lightbox=\"yes\" data-elementor-lightbox-slideshow=\"7c95fd7\" href='https:\/\/strassengegenleerstand.de\/wp-content\/uploads\/2020\/10\/P1300920-scaled.jpg'><img width=\"150\" height=\"150\" src=\"https:\/\/strassengegenleerstand.de\/wp-content\/uploads\/2020\/10\/P1300920-150x150.jpg\" class=\"attachment-thumbnail size-thumbnail\" alt=\"\" loading=\"lazy\" sizes=\"100vw\" \/><\/a>\n\t\t\t<\/div><\/figure><figure class='gallery-item'>\n\t\t\t<div class='gallery-icon portrait'>\n\t\t\t\t<a data-elementor-open-lightbox=\"yes\" data-elementor-lightbox-slideshow=\"7c95fd7\" href='https:\/\/strassengegenleerstand.de\/wp-content\/uploads\/2020\/10\/P1300919-scaled.jpg'><img width=\"150\" height=\"150\" src=\"https:\/\/strassengegenleerstand.de\/wp-content\/uploads\/2020\/10\/P1300919-150x150.jpg\" class=\"attachment-thumbnail size-thumbnail\" alt=\"\" loading=\"lazy\" sizes=\"100vw\" \/><\/a>\n\t\t\t<\/div><\/figure><figure class='gallery-item'>\n\t\t\t<div class='gallery-icon portrait'>\n\t\t\t\t<a data-elementor-open-lightbox=\"yes\" data-elementor-lightbox-slideshow=\"7c95fd7\" href='https:\/\/strassengegenleerstand.de\/wp-content\/uploads\/2020\/10\/P1300917-scaled.jpg'><img width=\"150\" height=\"150\" src=\"https:\/\/strassengegenleerstand.de\/wp-content\/uploads\/2020\/10\/P1300917-150x150.jpg\" class=\"attachment-thumbnail size-thumbnail\" alt=\"\" loading=\"lazy\" sizes=\"100vw\" \/><\/a>\n\t\t\t<\/div><\/figure><figure class='gallery-item'>\n\t\t\t<div class='gallery-icon landscape'>\n\t\t\t\t<a data-elementor-open-lightbox=\"yes\" data-elementor-lightbox-slideshow=\"7c95fd7\" href='https:\/\/strassengegenleerstand.de\/wp-content\/uploads\/2020\/10\/P1300914-scaled.jpg'><img width=\"150\" height=\"150\" src=\"https:\/\/strassengegenleerstand.de\/wp-content\/uploads\/2020\/10\/P1300914-150x150.jpg\" class=\"attachment-thumbnail size-thumbnail\" alt=\"\" loading=\"lazy\" sizes=\"100vw\" \/><\/a>\n\t\t\t<\/div><\/figure>\n\t\t<\/div>\n\t\t<\/div>\n\t\t\t\t<\/div>\n\t\t\t\t<\/div>\n\t\t\t\t\t\t<\/div>\n\t\t\t\t\t<\/div>\n\t\t<\/div>\n\t\t\t\t\t\t\t\t<\/div>\n\t\t\t\t\t<\/div>\n\t\t<\/section>\n\t\t\t\t\t\t<\/div>\n\t\t\t\t\t\t<\/div>\n\t\t\t\t\t<\/div>\n\t\t","protected":false},"excerpt":{"rendered":"<p>Wir \u2013 das sind obdach- und wohnungslosen Menschen, Gefl\u00fcchtete und Menschen mit Migrationsgeschichte, Mitarbeiter*innen in Sozialvereinen und mietenpolitisch Engagierte- haben Leerstand satt. Deswegen haben wir heute, am Samstag den 18. Dezember 2021 viele der lange leerstehenden Wohnungen in der Habersaathstra\u00dfe erneut bezogen. Dadurch haben wir Wohnraum geschaffen, f\u00fcr Menschen, die ihn gerade dringend brauchen!Bereits vor &hellip; <\/p>\n<p class=\"link-more\"><a href=\"https:\/\/strassengegenleerstand.de\/?page_id=7\" class=\"more-link\">Continue reading<span class=\"screen-reader-text\"> &#8220;Was wir wollen und fordern&#8221;<\/span><\/a><\/p>\n","protected":false},"author":1,"featured_media":1164,"parent":0,"menu_order":0,"comment_status":"closed","ping_status":"closed","template":"","meta":[],"_links":{"self":[{"href":"https:\/\/strassengegenleerstand.de\/index.php?rest_route=\/wp\/v2\/pages\/7"}],"collection":[{"href":"https:\/\/strassengegenleerstand.de\/index.php?rest_route=\/wp\/v2\/pages"}],"about":[{"href":"https:\/\/strassengegenleerstand.de\/index.php?rest_route=\/wp\/v2\/types\/page"}],"author":[{"embeddable":true,"href":"https:\/\/strassengegenleerstand.de\/index.php?rest_route=\/wp\/v2\/users\/1"}],"replies":[{"embeddable":true,"href":"https:\/\/strassengegenleerstand.de\/index.php?rest_route=%2Fwp%2Fv2%2Fcomments&post=7"}],"version-history":[{"count":28,"href":"https:\/\/strassengegenleerstand.de\/index.php?rest_route=\/wp\/v2\/pages\/7\/revisions"}],"predecessor-version":[{"id":749,"href":"https:\/\/strassengegenleerstand.de\/index.php?rest_route=\/wp\/v2\/pages\/7\/revisions\/749"}],"wp:featuredmedia":[{"embeddable":true,"href":"https:\/\/strassengegenleerstand.de\/index.php?rest_route=\/wp\/v2\/media\/1164"}],"wp:attachment":[{"href":"https:\/\/strassengegenleerstand.de\/index.php?rest_route=%2Fwp%2Fv2%2Fmedia&parent=7"}],"curies":[{"name":"wp","href":"https:\/\/api.w.org\/{rel}","templated":true}]}}