{"id":283,"date":"2020-10-25T18:22:11","date_gmt":"2020-10-25T18:22:11","guid":{"rendered":"http:\/\/lhis.uber.space\/?page_id=283"},"modified":"2020-10-25T18:22:12","modified_gmt":"2020-10-25T18:22:12","slug":"als-unterstutzende-initiative-eintragen","status":"publish","type":"page","link":"https:\/\/strassengegenleerstand.de\/?page_id=283","title":{"rendered":"Als Unterst\u00fctzende Initiative eintragen"},"content":{"rendered":"<div class=\"wpforms-container wpforms-container-full\" id=\"wpforms-263\"><form id=\"wpforms-form-263\" class=\"wpforms-validate wpforms-form\" data-formid=\"263\" method=\"post\" enctype=\"multipart\/form-data\" action=\"\/index.php?rest_route=%2Fwp%2Fv2%2Fpages%2F283\" data-token=\"5925ebf863f692e9e2b7cee489044d74\"><noscript class=\"wpforms-error-noscript\">Please enable JavaScript in your browser to complete this form.<\/noscript><div class=\"wpforms-field-container\"><div id=\"wpforms-263-field_1-container\" class=\"wpforms-field wpforms-field-text\" data-field-id=\"1\"><label class=\"wpforms-field-label\" for=\"wpforms-263-field_1\">Name der Gruppe\/Initiative <span class=\"wpforms-required-label\">*<\/span><\/label><input type=\"text\" id=\"wpforms-263-field_1\" class=\"wpforms-field-medium wpforms-field-required\" name=\"wpforms[fields][1]\" required><\/div><div id=\"wpforms-263-field_2-container\" class=\"wpforms-field wpforms-field-text\" data-field-id=\"2\"><label class=\"wpforms-field-label\" for=\"wpforms-263-field_2\">Zusatz zur Erkl\u00e4rung der T\u00e4tigkeit der Gruppe<\/label><input type=\"text\" id=\"wpforms-263-field_2\" class=\"wpforms-field-medium\" name=\"wpforms[fields][2]\" ><\/div><div id=\"wpforms-263-field_4-container\" class=\"wpforms-field wpforms-field-text\" data-field-id=\"4\"><label class=\"wpforms-field-label\" for=\"wpforms-263-field_4\">Webseite (oder anderes Link zu einer Repr\u00e4sentanz der Organisation im Internet)<\/label><input type=\"text\" id=\"wpforms-263-field_4\" class=\"wpforms-field-medium\" name=\"wpforms[fields][4]\" ><\/div><div id=\"wpforms-263-field_6-container\" class=\"wpforms-field wpforms-field-textarea\" data-field-id=\"6\"><label class=\"wpforms-field-label\" for=\"wpforms-263-field_6\">Nachricht ans Demo-Team (wird nicht ver\u00f6ffentlicht!)<\/label><textarea id=\"wpforms-263-field_6\" class=\"wpforms-field-medium\" name=\"wpforms[fields][6]\" ><\/textarea><\/div><div id=\"wpforms-263-field_7-container\" class=\"wpforms-field wpforms-field-checkbox\" data-field-id=\"7\"><label class=\"wpforms-field-label\" for=\"wpforms-263-field_7\">Ich bin selbst verantwortlich f\u00fcr die eingereichten Texte und best\u00e4tige, dass ich im Auftrag und Wissen der genannten Organisation diesen Eintrag anlege. Ich versichere, dass keine anderen Personen Nutzungs- oder Verwertungsrechte an den hier eingegeben Inhalten geltend machen k\u00f6nnen, so dass einer Ver\u00f6ffentlichung der \u00fcbertragenen Inhalte durch die Betreiber der lhis.uber.space-Website nichts entgegensteht. <span class=\"wpforms-required-label\">*<\/span><\/label><ul id=\"wpforms-263-field_7\" class=\"wpforms-field-required\"><li class=\"choice-3 depth-1\"><input type=\"checkbox\" id=\"wpforms-263-field_7_3\" name=\"wpforms[fields][7][]\" value=\"Best\u00e4tigen\" required ><label class=\"wpforms-field-label-inline\" for=\"wpforms-263-field_7_3\">Best\u00e4tigen<\/label><\/li><\/ul><\/div><div id=\"wpforms-263-field_8-container\" class=\"wpforms-field wpforms-field-checkbox\" data-field-id=\"8\"><label class=\"wpforms-field-label\" for=\"wpforms-263-field_8\">Ich akzeptiere die Datenverarbeitung entsprechend zur angegebenen <span class=\"wpforms-required-label\">*<\/span><\/label><ul id=\"wpforms-263-field_8\" class=\"wpforms-field-required\"><li class=\"choice-3 depth-1\"><input type=\"checkbox\" id=\"wpforms-263-field_8_3\" name=\"wpforms[fields][8][]\" value=\"Best\u00e4tigen\" required ><label class=\"wpforms-field-label-inline\" for=\"wpforms-263-field_8_3\">Best\u00e4tigen<\/label><\/li><\/ul><\/div><\/div><div class=\"wpforms-submit-container\" ><input type=\"hidden\" name=\"wpforms[id]\" value=\"263\"><input type=\"hidden\" name=\"wpforms[author]\" value=\"1\"><button type=\"submit\" name=\"wpforms[submit]\" class=\"wpforms-submit \" id=\"wpforms-submit-263\" value=\"wpforms-submit\" aria-live=\"assertive\" data-alt-text=\"Sending...\" data-submit-text=\"Submit\">Submit<\/button><\/div><\/form><\/div>  <!-- .wpforms-container -->","protected":false},"excerpt":{"rendered":"","protected":false},"author":1,"featured_media":0,"parent":0,"menu_order":0,"comment_status":"closed","ping_status":"closed","template":"","meta":[],"_links":{"self":[{"href":"https:\/\/strassengegenleerstand.de\/index.php?rest_route=\/wp\/v2\/pages\/283"}],"collection":[{"href":"https:\/\/strassengegenleerstand.de\/index.php?rest_route=\/wp\/v2\/pages"}],"about":[{"href":"https:\/\/strassengegenleerstand.de\/index.php?rest_route=\/wp\/v2\/types\/page"}],"author":[{"embeddable":true,"href":"https:\/\/strassengegenleerstand.de\/index.php?rest_route=\/wp\/v2\/users\/1"}],"replies":[{"embeddable":true,"href":"https:\/\/strassengegenleerstand.de\/index.php?rest_route=%2Fwp%2Fv2%2Fcomments&post=283"}],"version-history":[{"count":1,"href":"https:\/\/strassengegenleerstand.de\/index.php?rest_route=\/wp\/v2\/pages\/283\/revisions"}],"predecessor-version":[{"id":285,"href":"https:\/\/strassengegenleerstand.de\/index.php?rest_route=\/wp\/v2\/pages\/283\/revisions\/285"}],"wp:attachment":[{"href":"https:\/\/strassengegenleerstand.de\/index.php?rest_route=%2Fwp%2Fv2%2Fmedia&parent=283"}],"curies":[{"name":"wp","href":"https:\/\/api.w.org\/{rel}","templated":true}]}}