{"id":104,"date":"2020-10-12T11:16:29","date_gmt":"2020-10-12T11:16:29","guid":{"rendered":"http:\/\/lhis.uber.space\/?page_id=104"},"modified":"2020-11-15T18:39:18","modified_gmt":"2020-11-15T18:39:18","slug":"unterstutze-die-aktion","status":"publish","type":"page","link":"https:\/\/strassengegenleerstand.de\/?page_id=104","title":{"rendered":"Unterst\u00fctze die Aktion!"},"content":{"rendered":"\n<div id=\"ez-toc-container\" class=\"ez-toc-v2_0_60 counter-hierarchy ez-toc-counter ez-toc-grey ez-toc-container-direction\">\n<div class=\"ez-toc-title-container\">\n<p class=\"ez-toc-title \" >Table of Contents<\/p>\n<span class=\"ez-toc-title-toggle\"><a href=\"#\" class=\"ez-toc-pull-right ez-toc-btn ez-toc-btn-xs ez-toc-btn-default ez-toc-toggle\" aria-label=\"Toggle Table of Content\" role=\"button\"><label for=\"item-6a08929430e42\" ><span class=\"\"><span class=\"eztoc-hide\" style=\"display:none;\">Toggle<\/span><span class=\"ez-toc-icon-toggle-span\"><svg style=\"fill: #999;color:#999\" xmlns=\"http:\/\/www.w3.org\/2000\/svg\" class=\"list-377408\" width=\"20px\" height=\"20px\" viewBox=\"0 0 24 24\" fill=\"none\"><path d=\"M6 6H4v2h2V6zm14 0H8v2h12V6zM4 11h2v2H4v-2zm16 0H8v2h12v-2zM4 16h2v2H4v-2zm16 0H8v2h12v-2z\" fill=\"currentColor\"><\/path><\/svg><svg style=\"fill: #999;color:#999\" class=\"arrow-unsorted-368013\" xmlns=\"http:\/\/www.w3.org\/2000\/svg\" width=\"10px\" height=\"10px\" viewBox=\"0 0 24 24\" version=\"1.2\" baseProfile=\"tiny\"><path d=\"M18.2 9.3l-6.2-6.3-6.2 6.3c-.2.2-.3.4-.3.7s.1.5.3.7c.2.2.4.3.7.3h11c.3 0 .5-.1.7-.3.2-.2.3-.5.3-.7s-.1-.5-.3-.7zM5.8 14.7l6.2 6.3 6.2-6.3c.2-.2.3-.5.3-.7s-.1-.5-.3-.7c-.2-.2-.4-.3-.7-.3h-11c-.3 0-.5.1-.7.3-.2.2-.3.5-.3.7s.1.5.3.7z\"\/><\/svg><\/span><\/span><\/label><input aria-label=\"Toggle\" aria-label=\"item-6a08929430e42\"  type=\"checkbox\" id=\"item-6a08929430e42\"><\/a><\/span><\/div>\n<nav><ul class='ez-toc-list ez-toc-list-level-1 ' ><li class='ez-toc-page-1 ez-toc-heading-level-3'><a class=\"ez-toc-link ez-toc-heading-1\" href=\"https:\/\/strassengegenleerstand.de\/?page_id=104\/#Schicke_ein_E-Mail_an_die_verantwortlichen_Stadtratinnen_Bezirksburgermeister_und_Senatorinnen\" title=\"Schicke ein E-Mail an die verantwortlichen Stadtr\u00e4t*innen, Bezirksb\u00fcrgermeister und Senator*innen\">Schicke ein E-Mail an die verantwortlichen Stadtr\u00e4t*innen, Bezirksb\u00fcrgermeister und Senator*innen<\/a><\/li><li class='ez-toc-page-1 ez-toc-heading-level-3'><a class=\"ez-toc-link ez-toc-heading-2\" href=\"https:\/\/strassengegenleerstand.de\/?page_id=104\/#Unterstutzende_Organisationen_und_Initiativen\" title=\"Unterst\u00fctzende Organisationen und Initiativen\">Unterst\u00fctzende Organisationen und Initiativen<\/a><\/li><li class='ez-toc-page-1 ez-toc-heading-level-3'><a class=\"ez-toc-link ez-toc-heading-3\" href=\"https:\/\/strassengegenleerstand.de\/?page_id=104\/#Flyer\" title=\" Flyer:\"> Flyer:<\/a><\/li><\/ul><\/nav><\/div>\n<h3><span class=\"ez-toc-section\" id=\"Schicke_ein_E-Mail_an_die_verantwortlichen_Stadtratinnen_Bezirksburgermeister_und_Senatorinnen\"><\/span>Schicke ein E-Mail an die verantwortlichen Stadtr\u00e4t*innen, Bezirksb\u00fcrgermeister und Senator*innen<span class=\"ez-toc-section-end\"><\/span><\/h3>\n\n\n\n<p class=\"has-large-font-size\">Klicke auf den Button um eine vorformulierte E-Mail abzusenden. \/ Click the button below to open a pre-written email. <\/p>\n\n\n\n<div class=\"wp-block-buttons aligncenter\">\n<div class=\"wp-block-button\"><a class=\"wp-block-button__link\" href=\"mailto:senator@seninnds.berlin.de,senatorin@senias.berlin.de,BueroStSFischer@senias.berlin.de,BueroStsInt@SenIAS.Berlin.de,senator@sensw.berlin.de,StsW@sensw.berlin.de,bezirksbuergermeister@ba-mitte.berlin.de,ephraim.gothe@ba-mitte.berlin.de,schneckenfreude@systemli.org?subject=Aufforderung%20zur%20Beschlagnahmung%20der%20Wohnungnen%20in%20der%20Habersaathstra%C3%9Fe%21&amp;body=Sehr%20geehrte%20verantwortliche%20Stadtr%C3%A4t%2Ainnen%2C%20Bezirksb%C3%BCrgermeister%20von%20Mitte%20und%20Senator%2Ainnen%2C%0A%0ADie%20Zahl%20der%20Obdachlosen%20in%20Berlin%20ist%20in%20den%20letzten%20Jahren%20ma%C3%9Flos%20gestiegen.%20Gleichzeitig%20stehen%20tausende%20Wohnungen%20leer.%0A%0AIch%20fordere%20Sie%20daher%2C%20als%20verantwortliche%20Senator%2Ain%2C%20Stadtr%C3%A4t%2Ain%20und%20Bezirksb%C3%BCrgermeister%20dazu%20auf%2C%20die%20H%C3%A4user%20in%20der%20Habersaathstra%C3%9Fe%2040-48%20sofort%20zu%20beschlagnahmen.%20Heute%20haben%20wohnungs-%20und%20obdachlosen%20Menschen%20dort%20Wohnungen%20bezogen%20und%20fordern%20ein%20dauerhaftes%20und%20sicheres%20Zuhause.%0A%0ADer%20Bezirk%20Mitte%20hat%20im%20Beschluss%20der%20Bezirksverordnetenversammlung%20vom%2018.%20Juni%202020%20den%20noch%20vorhandenen%20Bewohner%2Ainnen%20der%20Habersaathstra%C3%9Fe%2040-48%20bereits%20ihre%20Unterst%C3%BCtzung%20zugesagt.%20Gleichzeitig%20haben%20sie%20sich%20f%C3%BCr%20den%20Erhalt%20der%20Wohngeb%C3%A4ude%2C%20die%20Rekommunalisierung%20dieser%20sowie%20die%20sofortige%20Beendigung%20des%20Leerstandes%20ausgesprochen.%20Ich%20fordere%20Sie%20auf%20diesen%20Worten%20nun%20Taten%20folgen%20zu%20lassen.%20Dieses%20Haus%20muss%20Menschen%20ohne%20Wohnraum%20umgehend%20als%20dauerhaften%20Wohnort%20zur%20Verf%C3%BCgung%20gestellt%20werden.%0A%0AMit%20freundlichen%20Gr%C3%BC%C3%9Fen\" target=\"_blank\" rel=\"noreferrer noopener\">\n\nE-Mail Schicken\n<\/a><\/div>\n<\/div>\n\n\n\n<p class=\"has-large-font-size\">Sollte sich dein E-Mail-Client nicht von alleine \u00f6ffnen, kopiere den untenstehenden Text und sende die E-Mail manuell. \/ If the above link doesn&#8217;t open your email client, copy and paste the text below in to your email client.<\/p>\n\n\n\n<p><strong>E-Mail Adresse \/ Email address:<\/strong> <br>Andreas Geisel &#8211; senator@seninnds.berlin.de<br>Elke Breitenbach &#8211; senatorin@senias.berlin.de<br>Alexander Fischer &#8211; BueroStSFischer@senias.berlin.de<br>Daniel Tietze &#8211; BueroStsInt@SenIAS.Berlin.de<br>Sebastian Scheel &#8211; senator@sensw.berlin.de<br>Wenke Christoph &#8211; StsW@sensw.berlin.de<br>Stephan von Dassel &#8211; bezirksbuergermeister@ba-mitte.berlin.de<br>Ephraim Gothe &#8211; ephraim.gothe@ba-mitte.berlin.de<\/p>\n\n\n\n<p><strong>Betreff \/ Subject:<\/strong> <br>Aufforderung zur Beschlagnahmung der leerstehenden Wohnungen in der Habersaathstra\u00dfe<\/p>\n\n\n\n<p><strong>Text<\/strong> \/ <strong>Body:<\/strong><\/p>\n\n\n\n<p>Sehr geehrte verantwortliche Stadtr\u00e4t*innen, Bezirksb\u00fcrgermeister von Mitte und Senator*innen,<\/p>\n\n\n\n<p>Die Zahl der Obdachlosen in Berlin ist in den letzten Jahren ma\u00dflos gestiegen. Gleichzeitig stehen tausende Wohnungen leer.<\/p>\n\n\n\n<p>Ich fordere Sie daher, als verantwortliche Senator*in<em> <\/em>und Stadtr\u00e4t*in und Bezirksb\u00fcrgermeister dazu auf, die H\u00e4user in der Habersaathstra\u00dfe 40-48 sofort zu beschlagnahmen. Heute haben wohnungs- und obdachlosen Menschen dort Wohnungen bezogen und fordern ein dauerhaftes und sicheres Zuhause.<\/p>\n\n\n\n<p>Der Bezirk Mitte hat im Beschluss der Bezirksverordnetenversammlung vom 18. Juni 2020 den noch vorhandenen Bewohner*innen der Habersaathstra\u00dfe 40-48 bereits ihre Unterst\u00fctzung zugesagt. Gleichzeitig haben sie sich f\u00fcr den Erhalt der Wohngeb\u00e4ude, die Rekommunalisierung dieser sowie die sofortige Beendigung des Leerstandes ausgesprochen. Ich fordere Sie auf diesen Worten nun Taten folgen zu lassen. Dieses Haus muss Menschen ohne Wohnraum umgehend als dauerhaften Wohnort zur Verf\u00fcgung gestellt werden.<\/p>\n\n\n\n<p>Mit freundlichen Gr\u00fc\u00dfen<br><br><\/p>\n\n\n\n<h3><span class=\"ez-toc-section\" id=\"Unterstutzende_Organisationen_und_Initiativen\"><\/span>Unterst\u00fctzende Organisationen und Initiativen<span class=\"ez-toc-section-end\"><\/span><\/h3>\n\n\n\n<div class=\"wp-block-buttons aligncenter\">\n<div class=\"wp-block-button is-style-outline\"><a class=\"wp-block-button__link\" href=\"https:\/\/lhis.uber.space\/?page_id=283\" target=\"_blank\" rel=\"noopener\">Als Unterst\u00fctzende Initiative Eintragen<\/a><\/div>\n<\/div>\n\n\n\n<figure class=\"wp-block-table alignwide\"><table><tbody><tr><td class=\"has-text-align-center\" data-align=\"center\"><\/td><td><strong>Name der Organisation \/ Initiative<\/strong><\/td><td><strong>Beschreibung<\/strong><\/td><\/tr><tr><td class=\"has-text-align-center\" data-align=\"center\"><img loading=\"lazy\" width=\"200\" height=\"200\" class=\"wp-image-470\" style=\"width: 150px;\" src=\"http:\/\/lhis.uber.space\/wp-content\/uploads\/2020\/10\/jHZ_-ovC_200x200.jpg\" alt=\"\" srcset=\"https:\/\/strassengegenleerstand.de\/wp-content\/uploads\/2020\/10\/jHZ_-ovC_200x200.jpg 200w, https:\/\/strassengegenleerstand.de\/wp-content\/uploads\/2020\/10\/jHZ_-ovC_200x200-150x150.jpg 150w\" sizes=\"(max-width: 200px) 100vw, 200px\" \/><\/td><td><a href=\"http:\/\/mietenwahnsinn.info\" target=\"_blank\" rel=\"noreferrer noopener\">B\u00fcndnis gegen Verdr\u00e4ngung und Mietenwahnsinn Berlin<\/a><\/td><td><\/td><\/tr><tr><td class=\"has-text-align-center\" data-align=\"center\"><img loading=\"lazy\" width=\"320\" height=\"320\" class=\"wp-image-473\" style=\"width: 150px;\" src=\"http:\/\/lhis.uber.space\/wp-content\/uploads\/2020\/10\/iqk73Tu9_400x400.png\" alt=\"\" srcset=\"https:\/\/strassengegenleerstand.de\/wp-content\/uploads\/2020\/10\/iqk73Tu9_400x400.png 320w, https:\/\/strassengegenleerstand.de\/wp-content\/uploads\/2020\/10\/iqk73Tu9_400x400-300x300.png 300w, https:\/\/strassengegenleerstand.de\/wp-content\/uploads\/2020\/10\/iqk73Tu9_400x400-150x150.png 150w\" sizes=\"(max-width: 320px) 100vw, 320px\" \/><\/td><td><a href=\"http:\/\/www.bastaberlin.de\" target=\"_blank\" rel=\"noreferrer noopener\">Basta Berlin<\/a><\/td><td>Erwerbsloseninitiative<\/td><\/tr><tr><td class=\"has-text-align-center\" data-align=\"center\"><img loading=\"lazy\" width=\"322\" height=\"322\" class=\"wp-image-472\" style=\"width: 150px;\" src=\"http:\/\/lhis.uber.space\/wp-content\/uploads\/2020\/10\/CkQW-eYu_400x400.jpg\" alt=\"\" srcset=\"https:\/\/strassengegenleerstand.de\/wp-content\/uploads\/2020\/10\/CkQW-eYu_400x400.jpg 322w, https:\/\/strassengegenleerstand.de\/wp-content\/uploads\/2020\/10\/CkQW-eYu_400x400-300x300.jpg 300w, https:\/\/strassengegenleerstand.de\/wp-content\/uploads\/2020\/10\/CkQW-eYu_400x400-150x150.jpg 150w\" sizes=\"(max-width: 322px) 100vw, 322px\" \/><\/td><td><a href=\"http:\/\/twitter.com\/Kaelteschutz\" target=\"_blank\" rel=\"noreferrer noopener\">K\u00e4lteschutz im Mehringhof<\/a><\/td><td>Selbstorganisierte Notunterkunft in Xberg<\/td><\/tr><tr><td class=\"has-text-align-center\" data-align=\"center\"><\/td><td><a href=\"https:\/\/www.geo.uni-hamburg.de\/geographie\/abteilungen\/integrative-geographie\/ag-kritische-geographie.html\" target=\"_blank\" rel=\"noreferrer noopener\">Arbeitsgruppe Kritische Geographien Globaler Ungleichheiten<\/a><\/td><td>Arbeitsgruppe der Universit\u00e4t Hamburg, in der unter anderem zu Geographien der Obdachlosigkeit gearbeitet wird<\/td><\/tr><tr><td class=\"has-text-align-center\" data-align=\"center\"><\/td><td><a href=\"https:\/\/sommerpaket.noblogs.org\/\" target=\"_blank\" rel=\"noreferrer noopener\">Initiative Sommerpaket<\/a><\/td><td>Selbstorganisierung von Basismitarbeiter*innen der Wohnungslosenhilfe Wien<\/td><\/tr><tr><td class=\"has-text-align-center\" data-align=\"center\"><img loading=\"lazy\" width=\"300\" height=\"247\" class=\"wp-image-483\" style=\"width: 150px;\" src=\"http:\/\/lhis.uber.space\/wp-content\/uploads\/2020\/10\/proxy-image.png\" alt=\"\"><\/td><td><a href=\"http:\/\/Www.die-urbane.de\" target=\"_blank\" rel=\"noreferrer noopener\">Die Urbane. Eine HipHop Partei<\/a><\/td><td><\/td><\/tr><tr><td class=\"has-text-align-center\" data-align=\"center\"><img loading=\"lazy\" width=\"224\" height=\"233\" class=\"wp-image-488\" style=\"width: 150px;\" src=\"http:\/\/lhis.uber.space\/wp-content\/uploads\/2020\/10\/Anti-EvictionMappingProject-logo.png\" alt=\"\"><\/td><td><a href=\"https:\/\/antievictionmap.com\/\" target=\"_blank\" rel=\"noreferrer noopener\">Anti Eviction Map Project<\/a><\/td><td>Visualising data about eviction and displacement.<\/td><\/tr><tr><td class=\"has-text-align-center\" data-align=\"center\"><img loading=\"lazy\" width=\"2010\" height=\"2010\" class=\"wp-image-491\" style=\"width: 150px;\" src=\"http:\/\/lhis.uber.space\/wp-content\/uploads\/2020\/10\/external-content.duckduckgo.com_.png\" alt=\"\" srcset=\"https:\/\/strassengegenleerstand.de\/wp-content\/uploads\/2020\/10\/external-content.duckduckgo.com_.png 2010w, https:\/\/strassengegenleerstand.de\/wp-content\/uploads\/2020\/10\/external-content.duckduckgo.com_-300x300.png 300w, https:\/\/strassengegenleerstand.de\/wp-content\/uploads\/2020\/10\/external-content.duckduckgo.com_-1024x1024.png 1024w, https:\/\/strassengegenleerstand.de\/wp-content\/uploads\/2020\/10\/external-content.duckduckgo.com_-150x150.png 150w, https:\/\/strassengegenleerstand.de\/wp-content\/uploads\/2020\/10\/external-content.duckduckgo.com_-768x768.png 768w, https:\/\/strassengegenleerstand.de\/wp-content\/uploads\/2020\/10\/external-content.duckduckgo.com_-1536x1536.png 1536w, https:\/\/strassengegenleerstand.de\/wp-content\/uploads\/2020\/10\/external-content.duckduckgo.com_-1200x1200.png 1200w, https:\/\/strassengegenleerstand.de\/wp-content\/uploads\/2020\/10\/external-content.duckduckgo.com_-1980x1980.png 1980w\" sizes=\"(max-width: 767px) 89vw, (max-width: 1000px) 54vw, (max-width: 1071px) 543px, 580px\" \/><\/td><td><a href=\"https:\/\/zwangsraeumungverhindern.nostate.net\/\" target=\"_blank\" rel=\"noreferrer noopener\">Zwangsr\u00e4umung Verhindern Berlin<\/a><\/td><td>Politisches B\u00fcndnis gegen Verdr\u00e4ngung und den Ausverkauf der Stadt<\/td><\/tr><tr><td class=\"has-text-align-center\" data-align=\"center\"><img loading=\"lazy\" width=\"479\" height=\"239\" class=\"wp-image-495\" style=\"width: 150px;\" src=\"http:\/\/lhis.uber.space\/wp-content\/uploads\/2020\/10\/cropped-BOH_logo.png\" alt=\"\" srcset=\"https:\/\/strassengegenleerstand.de\/wp-content\/uploads\/2020\/10\/cropped-BOH_logo.png 479w, https:\/\/strassengegenleerstand.de\/wp-content\/uploads\/2020\/10\/cropped-BOH_logo-300x150.png 300w\" sizes=\"(max-width: 479px) 100vw, 479px\" \/><\/td><td><a href=\"https:\/\/www.berliner-obdachlosenhilfe.de\/\" target=\"_blank\" rel=\"noreferrer noopener\">Berliner Obdachlosenhilfe<\/a><\/td><td>Wir sind ein gemeinn\u00fctziger Verein und f\u00fchren bereits <strong>seit 2013 Hilfstouren<\/strong> auf den Stra\u00dfen Berlins durch, um Menschen zu helfen, die gar nichts oder nur wenig haben, weil sie z.B.<\/td><\/tr><tr><td class=\"has-text-align-center\" data-align=\"center\"><img loading=\"lazy\" width=\"248\" height=\"221\" class=\"wp-image-506\" style=\"width: 150px;\" src=\"http:\/\/lhis.uber.space\/wp-content\/uploads\/2020\/11\/cropped-logo-seite.png\" alt=\"\"><\/td><td><a href=\"http:\/\/uepd.de\/wordpress\/en\/\" target=\"_blank\" rel=\"noreferrer noopener\">bergpartei, die \u00fcberpartei (B*)<\/a><\/td><td>\u00f6ko-anarchistisch\/real-dadaistisches sammelbecken<\/td><\/tr><tr><td class=\"has-text-align-center\" data-align=\"center\"><img loading=\"lazy\" width=\"400\" height=\"400\" class=\"wp-image-526\" style=\"width: 150px;\" src=\"http:\/\/lhis.uber.space\/wp-content\/uploads\/2020\/11\/ZTtK5imq_400x400.jpg\" alt=\"\" srcset=\"https:\/\/strassengegenleerstand.de\/wp-content\/uploads\/2020\/11\/ZTtK5imq_400x400.jpg 400w, https:\/\/strassengegenleerstand.de\/wp-content\/uploads\/2020\/11\/ZTtK5imq_400x400-300x300.jpg 300w, https:\/\/strassengegenleerstand.de\/wp-content\/uploads\/2020\/11\/ZTtK5imq_400x400-150x150.jpg 150w\" sizes=\"(max-width: 400px) 100vw, 400px\" \/><\/td><td><a href=\"https:\/\/klik-berlin.de\/\" target=\"_blank\" rel=\"noreferrer noopener\">Klik e.V.<\/a><\/td><td>KLIK e.V. ist ein Hilfsverein f\u00fcr wohnungslose und von Wohnungslosigkeit bedrohte Menschen in Berlin. Wir richten unseren Fokus auf die Altersgruppe der 18 bis 26 J\u00e4hrigen und auf die Perspektive wohnungsloser EU-Binnenmigrant*innen.<\/td><\/tr><tr><td class=\"has-text-align-center\" data-align=\"center\"><img loading=\"lazy\" width=\"180\" height=\"180\" class=\"wp-image-539\" style=\"width: 150px;\" src=\"http:\/\/lhis.uber.space\/wp-content\/uploads\/2020\/11\/IhA_Ypsm_400x400.png\" alt=\"\" srcset=\"https:\/\/strassengegenleerstand.de\/wp-content\/uploads\/2020\/11\/IhA_Ypsm_400x400.png 180w, https:\/\/strassengegenleerstand.de\/wp-content\/uploads\/2020\/11\/IhA_Ypsm_400x400-150x150.png 150w\" sizes=\"(max-width: 180px) 100vw, 180px\" \/><\/td><td><a href=\"http:\/\/www.mieterpartei-jetzt.de\" target=\"_blank\" rel=\"noreferrer noopener\">MIETERPARTEI<\/a><\/td><td>Weil ein Zuhause mehr ist<\/td><\/tr><tr><td class=\"has-text-align-center\" data-align=\"center\"><\/td><td><a href=\"https:\/\/twitter.com\/OMZBLEIBT\" target=\"_blank\" rel=\"noreferrer noopener\">OMZ<\/a><\/td><td>Obdachlose-mit-Zukunft-Wohnungslose- Fl\u00fcchtlinge oder OBDACHLOSE haben Seit 3.1.2020 HIER ein Zuhause gefunden. Das Haus ist seit 11 Monate BESETZT<\/td><\/tr><tr><td class=\"has-text-align-center\" data-align=\"center\"><img loading=\"lazy\" width=\"400\" height=\"400\" class=\"wp-image-543\" style=\"width: 150px;\" src=\"http:\/\/lhis.uber.space\/wp-content\/uploads\/2020\/11\/U9_0Hh36_400x400.jpg\" alt=\"\" srcset=\"https:\/\/strassengegenleerstand.de\/wp-content\/uploads\/2020\/11\/U9_0Hh36_400x400.jpg 400w, https:\/\/strassengegenleerstand.de\/wp-content\/uploads\/2020\/11\/U9_0Hh36_400x400-300x300.jpg 300w, https:\/\/strassengegenleerstand.de\/wp-content\/uploads\/2020\/11\/U9_0Hh36_400x400-150x150.jpg 150w\" sizes=\"(max-width: 400px) 100vw, 400px\" \/><\/td><td><a href=\"https:\/\/housingnotprofit.org\/\" target=\"_blank\" rel=\"noreferrer noopener\">European Action Coalition<\/a><\/td><td>European Action Coalition for the Right to Housing and to the City <a href=\"https:\/\/twitter.com\/search?q=%23StopEvictions&amp;src=hashtag_click\" target=\"_blank\" rel=\"noopener\">#StopEvictions<\/a> <a href=\"https:\/\/twitter.com\/search?q=%23HousingNotProfit&amp;src=hashtag_click\" target=\"_blank\" rel=\"noopener\">#HousingNotProfit<\/a><\/td><\/tr><tr><td class=\"has-text-align-center\" data-align=\"center\"><\/td><td><a href=\"http:\/\/www.wem-gehoert-kreuzberg.de\" target=\"_blank\" rel=\"noreferrer noopener\">WEM GEH\u00d6RT KREUZBERG<\/a><\/td><td>Stadtteilinitiative in Kreuzberg &#8220;61&#8221;<\/td><\/tr><\/tbody><\/table><\/figure>\n\n\n\n<h3><span class=\"ez-toc-section\" id=\"Flyer\"><\/span> Flyer:<span class=\"ez-toc-section-end\"><\/span><\/h3>\n\n\n\n<figure class=\"wp-block-image size-large is-style-default\"><img loading=\"lazy\" width=\"722\" height=\"1024\" src=\"https:\/\/lhis.uber.space\/wp-content\/uploads\/2020\/10\/Flyer_lhis1-722x1024.jpg\" alt=\"\" class=\"wp-image-393\" srcset=\"https:\/\/strassengegenleerstand.de\/wp-content\/uploads\/2020\/10\/Flyer_lhis1-722x1024.jpg 722w, https:\/\/strassengegenleerstand.de\/wp-content\/uploads\/2020\/10\/Flyer_lhis1-211x300.jpg 211w, https:\/\/strassengegenleerstand.de\/wp-content\/uploads\/2020\/10\/Flyer_lhis1-768x1090.jpg 768w, https:\/\/strassengegenleerstand.de\/wp-content\/uploads\/2020\/10\/Flyer_lhis1-1083x1536.jpg 1083w, https:\/\/strassengegenleerstand.de\/wp-content\/uploads\/2020\/10\/Flyer_lhis1-1444x2048.jpg 1444w, https:\/\/strassengegenleerstand.de\/wp-content\/uploads\/2020\/10\/Flyer_lhis1-1200x1703.jpg 1200w, https:\/\/strassengegenleerstand.de\/wp-content\/uploads\/2020\/10\/Flyer_lhis1.jpg 1748w\" sizes=\"(max-width: 722px) 100vw, 722px\" \/><\/figure>\n\n\n\n<div class=\"wp-block-file\"><a href=\"http:\/\/lhis.uber.space\/wp-content\/uploads\/2020\/10\/Flyer_lhis.jpg\" target=\"_blank\" rel=\"noopener\">herunterladen \/ download<\/a><\/div>\n","protected":false},"excerpt":{"rendered":"<p>Schicke ein E-Mail an die verantwortlichen Stadtr\u00e4t*innen, Bezirksb\u00fcrgermeister und Senator*innen Klicke auf den Button um eine vorformulierte E-Mail abzusenden. \/ Click the button below to open a pre-written email. Sollte sich dein E-Mail-Client nicht von alleine \u00f6ffnen, kopiere den untenstehenden Text und sende die E-Mail manuell. \/ If the above link doesn&#8217;t open your email &hellip; <\/p>\n<p class=\"link-more\"><a href=\"https:\/\/strassengegenleerstand.de\/?page_id=104\" class=\"more-link\">Continue reading<span class=\"screen-reader-text\"> &#8220;Unterst\u00fctze die Aktion!&#8221;<\/span><\/a><\/p>\n","protected":false},"author":1,"featured_media":0,"parent":0,"menu_order":0,"comment_status":"closed","ping_status":"closed","template":"","meta":[],"_links":{"self":[{"href":"https:\/\/strassengegenleerstand.de\/index.php?rest_route=\/wp\/v2\/pages\/104"}],"collection":[{"href":"https:\/\/strassengegenleerstand.de\/index.php?rest_route=\/wp\/v2\/pages"}],"about":[{"href":"https:\/\/strassengegenleerstand.de\/index.php?rest_route=\/wp\/v2\/types\/page"}],"author":[{"embeddable":true,"href":"https:\/\/strassengegenleerstand.de\/index.php?rest_route=\/wp\/v2\/users\/1"}],"replies":[{"embeddable":true,"href":"https:\/\/strassengegenleerstand.de\/index.php?rest_route=%2Fwp%2Fv2%2Fcomments&post=104"}],"version-history":[{"count":40,"href":"https:\/\/strassengegenleerstand.de\/index.php?rest_route=\/wp\/v2\/pages\/104\/revisions"}],"predecessor-version":[{"id":562,"href":"https:\/\/strassengegenleerstand.de\/index.php?rest_route=\/wp\/v2\/pages\/104\/revisions\/562"}],"wp:attachment":[{"href":"https:\/\/strassengegenleerstand.de\/index.php?rest_route=%2Fwp%2Fv2%2Fmedia&parent=104"}],"curies":[{"name":"wp","href":"https:\/\/api.w.org\/{rel}","templated":true}]}}